{"id":138,"date":"2021-01-23T02:39:05","date_gmt":"2021-01-22T23:39:05","guid":{"rendered":"http:\/\/robistar.com\/?page_id=138"},"modified":"2025-08-13T12:12:15","modified_gmt":"2025-08-13T09:12:15","slug":"barrier-packaging","status":"publish","type":"page","link":"https:\/\/robistar.com\/ro\/barrier-packaging\/","title":{"rendered":"Ambalaje cu barier\u0103"},"content":{"rendered":"<div class=\"wpb-content-wrapper\"><p>[vc_row el_class=&#8221;page-head&#8221; css=&#8221;.vc_custom_1628073893176{margin-top: 60px !important;margin-bottom: 60px !important;}&#8221;][vc_column width=&#8221;1\/2&#8243; css=&#8221;.vc_custom_1627765558561{padding-left: 0px !important;}&#8221; el_class=&#8221;category_ctx&#8221;][vc_column_text css=&#8221;.vc_custom_1755074626452{margin-bottom: 8px !important;}&#8221;]<\/p>\n<h1>Ambalaje cu barier\u0103<\/h1>\n<h2>Men\u021bine calitatea \u0219i prospe\u021bimea pe o perioad\u0103 \u00eendelungat\u0103<\/h2>\n<p>[\/vc_column_text][vc_column_text css=&#8221;.vc_custom_1755074619780{margin-bottom: 20px !important;}&#8221;]Divizia noastr\u0103 de ambalaje cu barier\u0103 este specializat\u0103 \u00een materiale de \u00eenalt\u0103 performan\u021b\u0103 care protejeaz\u0103 produsele \u00eempotriva umezelii, oxigenului \u0219i contaminan\u021bilor externi. Gama noastr\u0103 include:<\/p>\n<p>Pungi cu sigilare lateral\u0103 \u2013 pentru vid sau ambalare MAP<\/p>\n<p>Folie barier\u0103 \u2013 pentru ambalare automat\u0103 \u0219i termoformare<\/p>\n<p>T\u0103vi\u021be PP \u2013 rezistente, sigure pentru alimente proaspete sau gata preparate<\/p>\n<p>Destinate industriei alimentare \u0219i aplica\u021biilor industriale, ambalajele noastre prelungesc termenul de valabilitate, p\u0103streaz\u0103 calitatea \u0219i asigur\u0103 siguran\u021ba alimentar\u0103. Disponibile \u00een dimensiuni personalizate, cu structuri multistrat \u0219i op\u021biuni de imprimare.[\/vc_column_text][vc_column_text css=&#8221;&#8221;]<strong>Caracteristici principale:<\/strong><\/p>\n<ul>\n<li>Barier\u0103 ridicat\u0103 \u00eempotriva umezelii, aerului, mirosurilor \u0219i UV.<\/li>\n<li>Potrivit pentru alimente proaspete, congelate sau procesate.<\/li>\n<li>Op\u021biuni reciclabile \u0219i multistrat.<\/li>\n<li>Certificat pentru contact alimentar.<\/li>\n<\/ul>\n<p>[\/vc_column_text][vc_btn title=&#8221;Vezi ambalajul&#8221; shape=&#8221;square&#8221; i_align=&#8221;right&#8221; i_type=&#8221;entypo&#8221; i_icon_entypo=&#8221;entypo-icon entypo-icon-down-open-big&#8221; css=&#8221;.vc_custom_1754992904569{margin-top: 30px !important;}&#8221; add_icon=&#8221;true&#8221; custom_onclick=&#8221;true&#8221; el_class=&#8221;btnstyle2&#8243; link=&#8221;url:%23allproduct&#8221;][\/vc_column][vc_column width=&#8221;1\/2&#8243;][vc_single_image image=&#8221;1034&#8243; img_size=&#8221;full&#8221;][\/vc_column][\/vc_row][vc_row css=&#8221;.vc_custom_1628073722839{margin-bottom: 50px !important;padding-right: 0px !important;padding-left: 0px !important;}&#8221; el_class=&#8221;news-pages&#8221; el_id=&#8221;allproduct&#8221;][vc_column css=&#8221;.vc_custom_1613427175023{padding-right: 0px !important;padding-left: 0px !important;}&#8221; el_class=&#8221;pt-20&#8243;][vc_basic_grid post_type=&#8221;post&#8221; max_items=&#8221;1000&#8243; style=&#8221;lazy&#8221; items_per_page=&#8221;9&#8243; element_width=&#8221;3&#8243; item=&#8221;98&#8243; grid_id=&#8221;vc_gid:1755074589182-ea5abf03-668b-6&#8243; taxonomies=&#8221;74&#8243;][\/vc_column][\/vc_row]<\/p>\n<\/div>","protected":false},"excerpt":{"rendered":"<p>[vc_row el_class=&#8221;page-head&#8221; css=&#8221;.vc_custom_1628073893176{margin-top: 60px !important;margin-bottom: 60px !important;}&#8221;][vc_column width=&#8221;1\/2&#8243; css=&#8221;.vc_custom_1627765558561{padding-left: 0px !important;}&#8221; el_class=&#8221;category_ctx&#8221;][vc_column_text css=&#8221;.vc_custom_1755074626452{margin-bottom: 8px !important;}&#8221;] Ambalaje cu barier\u0103 Men\u021bine calitatea \u0219i prospe\u021bimea pe o perioad\u0103 \u00eendelungat\u0103 [\/vc_column_text][vc_column_text css=&#8221;.vc_custom_1755074619780{margin-bottom: 20px !important;}&#8221;]Divizia noastr\u0103 de ambalaje cu barier\u0103 este specializat\u0103 \u00een materiale de \u00eenalt\u0103 performan\u021b\u0103 care protejeaz\u0103 produsele \u00eempotriva umezelii, oxigenului \u0219i contaminan\u021bilor externi. Gama noastr\u0103 include: Pungi [&hellip;]<\/p>\n","protected":false},"author":1,"featured_media":0,"parent":0,"menu_order":0,"comment_status":"closed","ping_status":"closed","template":"","meta":{"site-sidebar-layout":"no-sidebar","site-content-layout":"plain-container","ast-site-content-layout":"normal-width-container","site-content-style":"unboxed","site-sidebar-style":"unboxed","ast-global-header-display":"","ast-banner-title-visibility":"","ast-main-header-display":"","ast-hfb-above-header-display":"","ast-hfb-below-header-display":"","ast-hfb-mobile-header-display":"","site-post-title":"disabled","ast-breadcrumbs-content":"disabled","ast-featured-img":"disabled","footer-sml-layout":"","theme-transparent-header-meta":"default","adv-header-id-meta":"","stick-header-meta":"","header-above-stick-meta":"","header-main-stick-meta":"","header-below-stick-meta":"","astra-migrate-meta-layouts":"set","ast-page-background-enabled":"default","ast-page-background-meta":{"desktop":{"background-color":"","background-image":"","background-repeat":"repeat","background-position":"center center","background-size":"auto","background-attachment":"scroll","background-type":"","background-media":"","overlay-type":"","overlay-color":"","overlay-opacity":"","overlay-gradient":""},"tablet":{"background-color":"","background-image":"","background-repeat":"repeat","background-position":"center center","background-size":"auto","background-attachment":"scroll","background-type":"","background-media":"","overlay-type":"","overlay-color":"","overlay-opacity":"","overlay-gradient":""},"mobile":{"background-color":"","background-image":"","background-repeat":"repeat","background-position":"center center","background-size":"auto","background-attachment":"scroll","background-type":"","background-media":"","overlay-type":"","overlay-color":"","overlay-opacity":"","overlay-gradient":""}},"ast-content-background-meta":{"desktop":{"background-color":"var(--ast-global-color-5)","background-image":"","background-repeat":"repeat","background-position":"center center","background-size":"auto","background-attachment":"scroll","background-type":"","background-media":"","overlay-type":"","overlay-color":"","overlay-opacity":"","overlay-gradient":""},"tablet":{"background-color":"var(--ast-global-color-5)","background-image":"","background-repeat":"repeat","background-position":"center center","background-size":"auto","background-attachment":"scroll","background-type":"","background-media":"","overlay-type":"","overlay-color":"","overlay-opacity":"","overlay-gradient":""},"mobile":{"background-color":"var(--ast-global-color-5)","background-image":"","background-repeat":"repeat","background-position":"center center","background-size":"auto","background-attachment":"scroll","background-type":"","background-media":"","overlay-type":"","overlay-color":"","overlay-opacity":"","overlay-gradient":""}},"footnotes":""},"class_list":["post-138","page","type-page","status-publish","hentry"],"_links":{"self":[{"href":"https:\/\/robistar.com\/ro\/wp-json\/wp\/v2\/pages\/138","targetHints":{"allow":["GET"]}}],"collection":[{"href":"https:\/\/robistar.com\/ro\/wp-json\/wp\/v2\/pages"}],"about":[{"href":"https:\/\/robistar.com\/ro\/wp-json\/wp\/v2\/types\/page"}],"author":[{"embeddable":true,"href":"https:\/\/robistar.com\/ro\/wp-json\/wp\/v2\/users\/1"}],"replies":[{"embeddable":true,"href":"https:\/\/robistar.com\/ro\/wp-json\/wp\/v2\/comments?post=138"}],"version-history":[{"count":35,"href":"https:\/\/robistar.com\/ro\/wp-json\/wp\/v2\/pages\/138\/revisions"}],"predecessor-version":[{"id":1550,"href":"https:\/\/robistar.com\/ro\/wp-json\/wp\/v2\/pages\/138\/revisions\/1550"}],"wp:attachment":[{"href":"https:\/\/robistar.com\/ro\/wp-json\/wp\/v2\/media?parent=138"}],"curies":[{"name":"wp","href":"https:\/\/api.w.org\/{rel}","templated":true}]}}