{"id":6,"date":"2021-01-19T22:21:13","date_gmt":"2021-01-19T19:21:13","guid":{"rendered":"http:\/\/robistar.com\/?page_id=6"},"modified":"2026-03-31T04:03:09","modified_gmt":"2026-03-31T01:03:09","slug":"home","status":"publish","type":"page","link":"https:\/\/robistar.com\/fr\/","title":{"rendered":"Home"},"content":{"rendered":"<div class=\"wpb-content-wrapper\"><p>[vc_row full_width=\u00a0\u00bbstretch_row_content_no_spaces\u00a0\u00bb full_height=\u00a0\u00bbyes\u00a0\u00bb columns_placement=\u00a0\u00bbstretch\u00a0\u00bb equal_height=\u00a0\u00bbyes\u00a0\u00bb content_placement=\u00a0\u00bbbottom\u00a0\u00bb el_class=\u00a0\u00bbbanner_home\u00a0\u00bb][vc_column width=\u00a0\u00bb1\/2&Prime; css=\u00a0\u00bb.vc_custom_1628002609680{background-image: url(http:\/\/robistar.com\/wp-content\/uploads\/2021\/07\/photo1.png?id=917) !important;background-position: center !important;background-repeat: no-repeat !important;background-size: cover !important;}\u00a0\u00bb el_class=\u00a0\u00bbbanners_top\u00a0\u00bb][vc_column_text css=\u00a0\u00bb\u00a0\u00bb el_class=\u00a0\u00bbast-text-white\u00a0\u00bb]<\/p>\n<h2>Emballage en papier<\/h2>\n<h5>Sachets en papier permettant de relier facilement la solution d\u2019emballage \u00e0 l\u2019exp\u00e9rience consommateur.<\/h5>\n<p>[\/vc_column_text][vc_btn title=\u00a0\u00bb\u0423\u0437\u043d\u0430\u0442\u044c \u0431\u043e\u043b\u044c\u0448\u0435\u00a0\u00bb shape=\u00a0\u00bbsquare\u00a0\u00bb color=\u00a0\u00bbdanger\u00a0\u00bb link=\u00a0\u00bburl:http%3A%2F%2Frobistar.com%2Fpaper-packaging|title:Paper%20packaging\u00a0\u00bb el_class=\u00a0\u00bbbtn_style\u00a0\u00bb][\/vc_column][vc_column width=\u00a0\u00bb1\/2&Prime; css=\u00a0\u00bb.vc_custom_1628002620721{background-image: url(http:\/\/robistar.com\/wp-content\/uploads\/2021\/07\/photo.png?id=918) !important;background-position: center !important;background-repeat: no-repeat !important;background-size: cover !important;}\u00a0\u00bb el_class=\u00a0\u00bbbanners_top\u00a0\u00bb][vc_column_text css=\u00a0\u00bb\u00a0\u00bb el_class=\u00a0\u00bbast-text-white\u00a0\u00bb]<\/p>\n<h2>Emballage barri\u00e8re<\/h2>\n<h5>Emballage barri\u00e8re herm\u00e9tique garantissant la qualit\u00e9 et la s\u00e9curit\u00e9 des produits p\u00e9rissables.<\/h5>\n<p>[\/vc_column_text][vc_btn title=\u00a0\u00bbEn savoir plus\u00a0\u00bb shape=\u00a0\u00bbsquare\u00a0\u00bb color=\u00a0\u00bbdanger\u00a0\u00bb css=\u00a0\u00bb\u00a0\u00bb link=\u00a0\u00bburl:http%3A%2F%2Frobistar.com%2Fbarrier-packaging|title:Barrier%20packaging\u00a0\u00bb el_class=\u00a0\u00bbbtn_style\u00a0\u00bb][\/vc_column][\/vc_row][vc_row css=\u00a0\u00bb.vc_custom_1629140590688{margin-top: 70px !important;}\u00a0\u00bb el_class=\u00a0\u00bbhome-make\u00a0\u00bb][vc_column css=\u00a0\u00bb.vc_custom_1611246278979{padding-left: 0px !important;}\u00a0\u00bb][vc_column_text css=\u00a0\u00bb\u00a0\u00bb el_class=\u00a0\u00bbdivh4&Prime;]<\/p>\n<h3>Secteurs desservis<\/h3>\n<div id=\"gtx-trans\" style=\"position: absolute; left: 354px; top: 53px;\">\n<div class=\"gtx-trans-icon\"><\/div>\n<\/div>\n<p>[\/vc_column_text][\/vc_column][\/vc_row][vc_row el_class=\u00a0\u00bbphoto-about\u00a0\u00bb css=\u00a0\u00bb.vc_custom_1627762576610{margin-top: 16px !important;margin-bottom: 90px !important;}\u00a0\u00bb][vc_column width=\u00a0\u00bb1\/3&Prime; css=\u00a0\u00bb.vc_custom_1611246238592{padding-left: 0px !important;}\u00a0\u00bb][vc_single_image image=\u00a0\u00bb993&Prime; img_size=\u00a0\u00bbfull\u00a0\u00bb css=\u00a0\u00bb.vc_custom_1627396357043{margin-bottom: 24px !important;}\u00a0\u00bb][vc_column_text css=\u00a0\u00bb.vc_custom_1755088827164{margin-bottom: 0px !important;}\u00a0\u00bb el_class=\u00a0\u00bbblue-text\u00a0\u00bb]<strong>Commerce de d\u00e9tail<\/strong><\/p>\n<p>Emballage de qualit\u00e9 qui am\u00e9liore l\u2019exp\u00e9rience consommateur et prolonge la dur\u00e9e de conservation.[\/vc_column_text][\/vc_column][vc_column width=\u00a0\u00bb1\/3&Prime;][vc_single_image image=\u00a0\u00bb995&Prime; img_size=\u00a0\u00bbfull\u00a0\u00bb css=\u00a0\u00bb.vc_custom_1627396379426{margin-bottom: 24px !important;}\u00a0\u00bb][vc_column_text css=\u00a0\u00bb.vc_custom_1755088844228{margin-bottom: 0px !important;}\u00a0\u00bb el_class=\u00a0\u00bbblue-text\u00a0\u00bb]<strong>Industrie alimentaire<\/strong><\/p>\n<p>Solutions d\u2019emballage compl\u00e8tes, ax\u00e9es sur l\u2019am\u00e9lioration de l\u2019emballage.[\/vc_column_text][\/vc_column][vc_column width=\u00a0\u00bb1\/3&Prime; css=\u00a0\u00bb.vc_custom_1627762566280{padding-right: 0px !important;padding-left: 15px !important;}\u00a0\u00bb][vc_single_image image=\u00a0\u00bb994&Prime; img_size=\u00a0\u00bbfull\u00a0\u00bb css=\u00a0\u00bb.vc_custom_1627396387927{margin-bottom: 24px !important;}\u00a0\u00bb][vc_column_text css=\u00a0\u00bb.vc_custom_1755088864278{margin-bottom: 0px !important;}\u00a0\u00bb el_class=\u00a0\u00bbblue-text\u00a0\u00bb]<strong>Restauration<\/strong><\/p>\n<p>Emballage alimentaire fiable, offrant une pr\u00e9sentation professionnelle des produits dans des menus modernes \u00e0 emporter.[\/vc_column_text][\/vc_column][\/vc_row][vc_row el_class=\u00a0\u00bbhome-about\u00a0\u00bb css=\u00a0\u00bb.vc_custom_1627672167373{margin-bottom: 90px !important;}\u00a0\u00bb][vc_column el_class=\u00a0\u00bbdownload_block\u00a0\u00bb][vc_column_text css=\u00a0\u00bb.vc_custom_1755088885268{margin-bottom: 15px !important;}\u00a0\u00bb el_class=\u00a0\u00bbdivh4&Prime;]<\/p>\n<h4>Profil de l\u2019entreprise : Robistar \u2013 emballage pour produits comestibles<\/h4>\n<p>Vous souhaitez en savoir plus sur notre entreprise ou obtenir une consultation personnalis\u00e9e ?[\/vc_column_text][vc_btn title=\u00a0\u00bbT\u00e9l\u00e9charger le profil de l\u2019entreprise\u00a0\u00bb shape=\u00a0\u00bbsquare\u00a0\u00bb color=\u00a0\u00bbdanger\u00a0\u00bb i_type=\u00a0\u00bbopeniconic\u00a0\u00bb i_icon_openiconic=\u00a0\u00bbvc-oi vc-oi-download\u00a0\u00bb css=\u00a0\u00bb.vc_custom_1755088897154{margin-bottom: 0px !important;}\u00a0\u00bb add_icon=\u00a0\u00bbtrue\u00a0\u00bb custom_onclick=\u00a0\u00bbtrue\u00a0\u00bb link=\u00a0\u00bburl:%2Fwp-content%2Fuploads%2F2021%2F08%2Fcompany-profile.pdf\u00a0\u00bb el_class=\u00a0\u00bbbtn_style\u00a0\u00bb][\/vc_column][\/vc_row]<\/p>\n<\/div>","protected":false},"excerpt":{"rendered":"<p>[vc_row full_width=\u00a0\u00bbstretch_row_content_no_spaces\u00a0\u00bb full_height=\u00a0\u00bbyes\u00a0\u00bb columns_placement=\u00a0\u00bbstretch\u00a0\u00bb equal_height=\u00a0\u00bbyes\u00a0\u00bb content_placement=\u00a0\u00bbbottom\u00a0\u00bb el_class=\u00a0\u00bbbanner_home\u00a0\u00bb][vc_column width=\u00a0\u00bb1\/2&Prime; css=\u00a0\u00bb.vc_custom_1628002609680{background-image: url(http:\/\/robistar.com\/wp-content\/uploads\/2021\/07\/photo1.png?id=917) !important;background-position: center !important;background-repeat: no-repeat !important;background-size: cover !important;}\u00a0\u00bb el_class=\u00a0\u00bbbanners_top\u00a0\u00bb][vc_column_text css=\u00a0\u00bb\u00a0\u00bb el_class=\u00a0\u00bbast-text-white\u00a0\u00bb] Emballage en papier Sachets en papier permettant de relier facilement la solution d\u2019emballage \u00e0 l\u2019exp\u00e9rience consommateur. [\/vc_column_text][vc_btn title=\u00a0\u00bb\u0423\u0437\u043d\u0430\u0442\u044c \u0431\u043e\u043b\u044c\u0448\u0435\u00a0\u00bb shape=\u00a0\u00bbsquare\u00a0\u00bb color=\u00a0\u00bbdanger\u00a0\u00bb link=\u00a0\u00bburl:http%3A%2F%2Frobistar.com%2Fpaper-packaging|title:Paper%20packaging\u00a0\u00bb el_class=\u00a0\u00bbbtn_style\u00a0\u00bb][\/vc_column][vc_column width=\u00a0\u00bb1\/2&Prime; css=\u00a0\u00bb.vc_custom_1628002620721{background-image: url(http:\/\/robistar.com\/wp-content\/uploads\/2021\/07\/photo.png?id=918) !important;background-position: center !important;background-repeat: no-repeat !important;background-size: cover !important;}\u00a0\u00bb el_class=\u00a0\u00bbbanners_top\u00a0\u00bb][vc_column_text css=\u00a0\u00bb\u00a0\u00bb [&hellip;]<\/p>\n","protected":false},"author":1,"featured_media":0,"parent":0,"menu_order":0,"comment_status":"closed","ping_status":"closed","template":"","meta":{"site-sidebar-layout":"no-sidebar","site-content-layout":"plain-container","ast-site-content-layout":"normal-width-container","site-content-style":"unboxed","site-sidebar-style":"unboxed","ast-global-header-display":"","ast-banner-title-visibility":"","ast-main-header-display":"","ast-hfb-above-header-display":"","ast-hfb-below-header-display":"","ast-hfb-mobile-header-display":"","site-post-title":"disabled","ast-breadcrumbs-content":"disabled","ast-featured-img":"disabled","footer-sml-layout":"","theme-transparent-header-meta":"default","adv-header-id-meta":"","stick-header-meta":"","header-above-stick-meta":"","header-main-stick-meta":"","header-below-stick-meta":"","astra-migrate-meta-layouts":"default","ast-page-background-enabled":"default","ast-page-background-meta":{"desktop":{"background-color":"","background-image":"","background-repeat":"repeat","background-position":"center center","background-size":"auto","background-attachment":"scroll","background-type":"","background-media":"","overlay-type":"","overlay-color":"","overlay-opacity":"","overlay-gradient":""},"tablet":{"background-color":"","background-image":"","background-repeat":"repeat","background-position":"center center","background-size":"auto","background-attachment":"scroll","background-type":"","background-media":"","overlay-type":"","overlay-color":"","overlay-opacity":"","overlay-gradient":""},"mobile":{"background-color":"","background-image":"","background-repeat":"repeat","background-position":"center center","background-size":"auto","background-attachment":"scroll","background-type":"","background-media":"","overlay-type":"","overlay-color":"","overlay-opacity":"","overlay-gradient":""}},"ast-content-background-meta":{"desktop":{"background-color":"var(--ast-global-color-5)","background-image":"","background-repeat":"repeat","background-position":"center center","background-size":"auto","background-attachment":"scroll","background-type":"","background-media":"","overlay-type":"","overlay-color":"","overlay-opacity":"","overlay-gradient":""},"tablet":{"background-color":"var(--ast-global-color-5)","background-image":"","background-repeat":"repeat","background-position":"center center","background-size":"auto","background-attachment":"scroll","background-type":"","background-media":"","overlay-type":"","overlay-color":"","overlay-opacity":"","overlay-gradient":""},"mobile":{"background-color":"var(--ast-global-color-5)","background-image":"","background-repeat":"repeat","background-position":"center center","background-size":"auto","background-attachment":"scroll","background-type":"","background-media":"","overlay-type":"","overlay-color":"","overlay-opacity":"","overlay-gradient":""}},"footnotes":""},"class_list":["post-6","page","type-page","status-publish","hentry"],"_links":{"self":[{"href":"https:\/\/robistar.com\/fr\/wp-json\/wp\/v2\/pages\/6","targetHints":{"allow":["GET"]}}],"collection":[{"href":"https:\/\/robistar.com\/fr\/wp-json\/wp\/v2\/pages"}],"about":[{"href":"https:\/\/robistar.com\/fr\/wp-json\/wp\/v2\/types\/page"}],"author":[{"embeddable":true,"href":"https:\/\/robistar.com\/fr\/wp-json\/wp\/v2\/users\/1"}],"replies":[{"embeddable":true,"href":"https:\/\/robistar.com\/fr\/wp-json\/wp\/v2\/comments?post=6"}],"version-history":[{"count":118,"href":"https:\/\/robistar.com\/fr\/wp-json\/wp\/v2\/pages\/6\/revisions"}],"predecessor-version":[{"id":1587,"href":"https:\/\/robistar.com\/fr\/wp-json\/wp\/v2\/pages\/6\/revisions\/1587"}],"wp:attachment":[{"href":"https:\/\/robistar.com\/fr\/wp-json\/wp\/v2\/media?parent=6"}],"curies":[{"name":"wp","href":"https:\/\/api.w.org\/{rel}","templated":true}]}}