{"id":173,"date":"2021-01-24T00:00:41","date_gmt":"2021-01-23T21:00:41","guid":{"rendered":"http:\/\/robistar.com\/?page_id=173"},"modified":"2025-08-13T15:56:17","modified_gmt":"2025-08-13T12:56:17","slug":"despre-companie","status":"publish","type":"page","link":"https:\/\/robistar.com\/fr\/despre-companie\/","title":{"rendered":"\u041e \u043a\u043e\u043c\u043f\u0430\u043d\u0438\u0438"},"content":{"rendered":"<div class=\"wpb-content-wrapper\"><p>[vc_row el_class=\u00a0\u00bbpg-default pg-info\u00a0\u00bb css=\u00a0\u00bb.vc_custom_1628082187716{padding-top: 60px !important;padding-right: 0px !important;padding-left: 0px !important;}\u00a0\u00bb][vc_column width=\u00a0\u00bb1\/2&Prime; css=\u00a0\u00bb.vc_custom_1614377678417{margin-bottom: 50px !important;padding-right: 0px !important;padding-left: 0px !important;}\u00a0\u00bb el_class=\u00a0\u00bbctx-text\u00a0\u00bb][vc_column_text css=\u00a0\u00bb.vc_custom_1755089222633{margin-bottom: 28px !important;}\u00a0\u00bb]<\/p>\n<h1>\u00c0 propos de Robistar<\/h1>\n<p>[\/vc_column_text][vc_column_text css=\u00a0\u00bb\u00a0\u00bb]Depuis plus de 10 ans, la marque Robistar perfectionne les technologies d\u2019emballage afin de conserver les aliments plus longtemps frais, savoureux et abordables.<\/p>\n<p>Nous d\u00e9veloppons nos technologies avec une bonne compr\u00e9hension des attentes de nos clients et faisons de l\u2019am\u00e9lioration de la qualit\u00e9 et des prix notre objectif principal. Nos emballages permettent aux grandes cha\u00eenes de magasins d\u2019\u00eatre plus productives et plus rentables.<\/p>\n<p>Nous concevons des solutions d\u2019emballage pour prolonger la dur\u00e9e de conservation des produits p\u00e9rissables, renforcer l\u2019attrait du merchandising et offrir des options pour les repas \u00e0 pr\u00e9paration rapide.<\/p>\n<p>Nos emballages se retrouvent partout en Moldavie, des supermarch\u00e9s \u00e0 la restauration.[\/vc_column_text][\/vc_column][vc_column width=\u00a0\u00bb1\/2&Prime;][vc_single_image image=\u00a0\u00bb1010&Prime; img_size=\u00a0\u00bbfull\u00a0\u00bb alignment=\u00a0\u00bbright\u00a0\u00bb][\/vc_column][\/vc_row][vc_row el_class=\u00a0\u00bbcontact-about\u00a0\u00bb css=\u00a0\u00bb.vc_custom_1629142099344{margin-top: 66px !important;margin-bottom: 90px !important;}\u00a0\u00bb][vc_column el_class=\u00a0\u00bbdownload_block\u00a0\u00bb][vc_column_text css=\u00a0\u00bb.vc_custom_1755089729379{margin-bottom: 15px !important;}\u00a0\u00bb el_class=\u00a0\u00bbdivh4&Prime;]<\/p>\n<h4>Profil de l\u2019entreprise : Robistar \u2013 emballage pour produits comestibles<\/h4>\n<p>Vous souhaitez en savoir plus sur notre entreprise ou obtenir une consultation personnalis\u00e9e ?[\/vc_column_text][vc_btn title=\u00a0\u00bbT\u00e9l\u00e9charger le profil de l\u2019entreprise\u00a0\u00bb shape=\u00a0\u00bbsquare\u00a0\u00bb color=\u00a0\u00bbdanger\u00a0\u00bb i_type=\u00a0\u00bbopeniconic\u00a0\u00bb i_icon_openiconic=\u00a0\u00bbvc-oi vc-oi-download\u00a0\u00bb css=\u00a0\u00bb.vc_custom_1755089194989{margin-bottom: 0px !important;}\u00a0\u00bb add_icon=\u00a0\u00bbtrue\u00a0\u00bb custom_onclick=\u00a0\u00bbtrue\u00a0\u00bb link=\u00a0\u00bburl:%23&Prime;][\/vc_column][\/vc_row]<\/p>\n<\/div>","protected":false},"excerpt":{"rendered":"<p>[vc_row el_class=\u00a0\u00bbpg-default pg-info\u00a0\u00bb css=\u00a0\u00bb.vc_custom_1628082187716{padding-top: 60px !important;padding-right: 0px !important;padding-left: 0px !important;}\u00a0\u00bb][vc_column width=\u00a0\u00bb1\/2&Prime; css=\u00a0\u00bb.vc_custom_1614377678417{margin-bottom: 50px !important;padding-right: 0px !important;padding-left: 0px !important;}\u00a0\u00bb el_class=\u00a0\u00bbctx-text\u00a0\u00bb][vc_column_text css=\u00a0\u00bb.vc_custom_1755089222633{margin-bottom: 28px !important;}\u00a0\u00bb] \u00c0 propos de Robistar [\/vc_column_text][vc_column_text css=\u00a0\u00bb\u00a0\u00bb]Depuis plus de 10 ans, la marque Robistar perfectionne les technologies d\u2019emballage afin de conserver les aliments plus longtemps frais, savoureux et abordables. Nous d\u00e9veloppons nos technologies avec [&hellip;]<\/p>\n","protected":false},"author":1,"featured_media":0,"parent":0,"menu_order":0,"comment_status":"closed","ping_status":"closed","template":"","meta":{"site-sidebar-layout":"no-sidebar","site-content-layout":"plain-container","ast-site-content-layout":"normal-width-container","site-content-style":"unboxed","site-sidebar-style":"unboxed","ast-global-header-display":"","ast-banner-title-visibility":"","ast-main-header-display":"","ast-hfb-above-header-display":"","ast-hfb-below-header-display":"","ast-hfb-mobile-header-display":"","site-post-title":"disabled","ast-breadcrumbs-content":"disabled","ast-featured-img":"disabled","footer-sml-layout":"","theme-transparent-header-meta":"default","adv-header-id-meta":"","stick-header-meta":"","header-above-stick-meta":"","header-main-stick-meta":"","header-below-stick-meta":"","astra-migrate-meta-layouts":"set","ast-page-background-enabled":"default","ast-page-background-meta":{"desktop":{"background-color":"","background-image":"","background-repeat":"repeat","background-position":"center center","background-size":"auto","background-attachment":"scroll","background-type":"","background-media":"","overlay-type":"","overlay-color":"","overlay-opacity":"","overlay-gradient":""},"tablet":{"background-color":"","background-image":"","background-repeat":"repeat","background-position":"center center","background-size":"auto","background-attachment":"scroll","background-type":"","background-media":"","overlay-type":"","overlay-color":"","overlay-opacity":"","overlay-gradient":""},"mobile":{"background-color":"","background-image":"","background-repeat":"repeat","background-position":"center center","background-size":"auto","background-attachment":"scroll","background-type":"","background-media":"","overlay-type":"","overlay-color":"","overlay-opacity":"","overlay-gradient":""}},"ast-content-background-meta":{"desktop":{"background-color":"var(--ast-global-color-5)","background-image":"","background-repeat":"repeat","background-position":"center center","background-size":"auto","background-attachment":"scroll","background-type":"","background-media":"","overlay-type":"","overlay-color":"","overlay-opacity":"","overlay-gradient":""},"tablet":{"background-color":"var(--ast-global-color-5)","background-image":"","background-repeat":"repeat","background-position":"center center","background-size":"auto","background-attachment":"scroll","background-type":"","background-media":"","overlay-type":"","overlay-color":"","overlay-opacity":"","overlay-gradient":""},"mobile":{"background-color":"var(--ast-global-color-5)","background-image":"","background-repeat":"repeat","background-position":"center center","background-size":"auto","background-attachment":"scroll","background-type":"","background-media":"","overlay-type":"","overlay-color":"","overlay-opacity":"","overlay-gradient":""}},"footnotes":""},"class_list":["post-173","page","type-page","status-publish","hentry"],"_links":{"self":[{"href":"https:\/\/robistar.com\/fr\/wp-json\/wp\/v2\/pages\/173","targetHints":{"allow":["GET"]}}],"collection":[{"href":"https:\/\/robistar.com\/fr\/wp-json\/wp\/v2\/pages"}],"about":[{"href":"https:\/\/robistar.com\/fr\/wp-json\/wp\/v2\/types\/page"}],"author":[{"embeddable":true,"href":"https:\/\/robistar.com\/fr\/wp-json\/wp\/v2\/users\/1"}],"replies":[{"embeddable":true,"href":"https:\/\/robistar.com\/fr\/wp-json\/wp\/v2\/comments?post=173"}],"version-history":[{"count":49,"href":"https:\/\/robistar.com\/fr\/wp-json\/wp\/v2\/pages\/173\/revisions"}],"predecessor-version":[{"id":1604,"href":"https:\/\/robistar.com\/fr\/wp-json\/wp\/v2\/pages\/173\/revisions\/1604"}],"wp:attachment":[{"href":"https:\/\/robistar.com\/fr\/wp-json\/wp\/v2\/media?parent=173"}],"curies":[{"name":"wp","href":"https:\/\/api.w.org\/{rel}","templated":true}]}}