{"id":138,"date":"2021-01-23T02:39:05","date_gmt":"2021-01-22T23:39:05","guid":{"rendered":"http:\/\/robistar.com\/?page_id=138"},"modified":"2025-08-13T12:12:15","modified_gmt":"2025-08-13T09:12:15","slug":"barrier-packaging","status":"publish","type":"page","link":"https:\/\/robistar.com\/fr\/barrier-packaging\/","title":{"rendered":"Emballages barri\u00e8re"},"content":{"rendered":"<div class=\"wpb-content-wrapper\"><p>[vc_row el_class=\u00a0\u00bbpage-head\u00a0\u00bb css=\u00a0\u00bb.vc_custom_1628073893176{margin-top: 60px !important;margin-bottom: 60px !important;}\u00a0\u00bb][vc_column width=\u00a0\u00bb1\/2&Prime; css=\u00a0\u00bb.vc_custom_1627765558561{padding-left: 0px !important;}\u00a0\u00bb el_class=\u00a0\u00bbcategory_ctx\u00a0\u00bb][vc_column_text css=\u00a0\u00bb.vc_custom_1755075202926{margin-bottom: 8px !important;}\u00a0\u00bb]<\/p>\n<h1>Emballages barri\u00e8re<\/h1>\n<h2>Pr\u00e9serve longtemps la fra\u00eecheur et la qualit\u00e9.<\/h2>\n<p>[\/vc_column_text][vc_column_text css=\u00a0\u00bb.vc_custom_1755074759846{margin-bottom: 20px !important;}\u00a0\u00bb]Notre division d\u2019emballages barri\u00e8re est sp\u00e9cialis\u00e9e dans les mat\u00e9riaux haute performance, con\u00e7us pour prot\u00e9ger les produits contre l\u2019humidit\u00e9, l\u2019oxyg\u00e8ne et les contaminants externes. Nous proposons :<\/p>\n<p>Sachets \u00e0 soudures lat\u00e9rales \u2013 pour le vide ou l\u2019emballage sous atmosph\u00e8re modifi\u00e9e (MAP)<\/p>\n<p>Films barri\u00e8re \u2013 pour lignes automatiques ou thermoformage<\/p>\n<p>Barquettes en PP \u2013 robustes, adapt\u00e9es aux produits frais ou pr\u00eats \u00e0 consommer<\/p>\n<p>Con\u00e7us pour l\u2019industrie agroalimentaire et industrielle, nos emballages prolongent la dur\u00e9e de vie, conservent la qualit\u00e9 et assurent la s\u00e9curit\u00e9. Disponibles en tailles sur mesure, structures multicouches et impression personnalis\u00e9e.[\/vc_column_text][vc_column_text css=\u00a0\u00bb\u00a0\u00bb]<strong>Caract\u00e9ristiques :<\/strong><\/p>\n<ul>\n<li>Barri\u00e8re \u00e9lev\u00e9e contre l\u2019humidit\u00e9, l\u2019air, les odeurs et les UV.<\/li>\n<li>Convient aux aliments frais, surgel\u00e9s ou transform\u00e9s.<\/li>\n<li>Options recyclables ou multicouches disponibles.<\/li>\n<li>Certifi\u00e9 pour le contact alimentaire.<\/li>\n<\/ul>\n<p>[\/vc_column_text][vc_btn title=\u00a0\u00bbVoir l\u2019emballage\u00a0\u00bb shape=\u00a0\u00bbsquare\u00a0\u00bb i_align=\u00a0\u00bbright\u00a0\u00bb i_type=\u00a0\u00bbentypo\u00a0\u00bb i_icon_entypo=\u00a0\u00bbentypo-icon entypo-icon-down-open-big\u00a0\u00bb css=\u00a0\u00bb.vc_custom_1755075358694{margin-top: 30px !important;}\u00a0\u00bb add_icon=\u00a0\u00bbtrue\u00a0\u00bb custom_onclick=\u00a0\u00bbtrue\u00a0\u00bb el_class=\u00a0\u00bbbtnstyle2&Prime; link=\u00a0\u00bburl:%23allproduct\u00a0\u00bb][\/vc_column][vc_column width=\u00a0\u00bb1\/2&Prime;][vc_single_image image=\u00a0\u00bb1034&Prime; img_size=\u00a0\u00bbfull\u00a0\u00bb][\/vc_column][\/vc_row][vc_row css=\u00a0\u00bb.vc_custom_1628073722839{margin-bottom: 50px !important;padding-right: 0px !important;padding-left: 0px !important;}\u00a0\u00bb el_class=\u00a0\u00bbnews-pages\u00a0\u00bb el_id=\u00a0\u00bballproduct\u00a0\u00bb][vc_column css=\u00a0\u00bb.vc_custom_1613427175023{padding-right: 0px !important;padding-left: 0px !important;}\u00a0\u00bb el_class=\u00a0\u00bbpt-20&Prime;][vc_basic_grid post_type=\u00a0\u00bbpost\u00a0\u00bb max_items=\u00a0\u00bb1000&Prime; style=\u00a0\u00bblazy\u00a0\u00bb items_per_page=\u00a0\u00bb9&Prime; element_width=\u00a0\u00bb3&Prime; item=\u00a0\u00bb98&Prime; grid_id=\u00a0\u00bbvc_gid:1755076313260-a4aa89be-1e77-10&Prime; taxonomies=\u00a0\u00bb74&Prime;][\/vc_column][\/vc_row]<\/p>\n<\/div>","protected":false},"excerpt":{"rendered":"<p>[vc_row el_class=\u00a0\u00bbpage-head\u00a0\u00bb css=\u00a0\u00bb.vc_custom_1628073893176{margin-top: 60px !important;margin-bottom: 60px !important;}\u00a0\u00bb][vc_column width=\u00a0\u00bb1\/2&Prime; css=\u00a0\u00bb.vc_custom_1627765558561{padding-left: 0px !important;}\u00a0\u00bb el_class=\u00a0\u00bbcategory_ctx\u00a0\u00bb][vc_column_text css=\u00a0\u00bb.vc_custom_1755075202926{margin-bottom: 8px !important;}\u00a0\u00bb] Emballages barri\u00e8re Pr\u00e9serve longtemps la fra\u00eecheur et la qualit\u00e9. [\/vc_column_text][vc_column_text css=\u00a0\u00bb.vc_custom_1755074759846{margin-bottom: 20px !important;}\u00a0\u00bb]Notre division d\u2019emballages barri\u00e8re est sp\u00e9cialis\u00e9e dans les mat\u00e9riaux haute performance, con\u00e7us pour prot\u00e9ger les produits contre l\u2019humidit\u00e9, l\u2019oxyg\u00e8ne et les contaminants externes. Nous proposons : Sachets \u00e0 [&hellip;]<\/p>\n","protected":false},"author":1,"featured_media":0,"parent":0,"menu_order":0,"comment_status":"closed","ping_status":"closed","template":"","meta":{"site-sidebar-layout":"no-sidebar","site-content-layout":"plain-container","ast-site-content-layout":"normal-width-container","site-content-style":"unboxed","site-sidebar-style":"unboxed","ast-global-header-display":"","ast-banner-title-visibility":"","ast-main-header-display":"","ast-hfb-above-header-display":"","ast-hfb-below-header-display":"","ast-hfb-mobile-header-display":"","site-post-title":"disabled","ast-breadcrumbs-content":"disabled","ast-featured-img":"disabled","footer-sml-layout":"","theme-transparent-header-meta":"default","adv-header-id-meta":"","stick-header-meta":"","header-above-stick-meta":"","header-main-stick-meta":"","header-below-stick-meta":"","astra-migrate-meta-layouts":"set","ast-page-background-enabled":"default","ast-page-background-meta":{"desktop":{"background-color":"","background-image":"","background-repeat":"repeat","background-position":"center center","background-size":"auto","background-attachment":"scroll","background-type":"","background-media":"","overlay-type":"","overlay-color":"","overlay-opacity":"","overlay-gradient":""},"tablet":{"background-color":"","background-image":"","background-repeat":"repeat","background-position":"center center","background-size":"auto","background-attachment":"scroll","background-type":"","background-media":"","overlay-type":"","overlay-color":"","overlay-opacity":"","overlay-gradient":""},"mobile":{"background-color":"","background-image":"","background-repeat":"repeat","background-position":"center center","background-size":"auto","background-attachment":"scroll","background-type":"","background-media":"","overlay-type":"","overlay-color":"","overlay-opacity":"","overlay-gradient":""}},"ast-content-background-meta":{"desktop":{"background-color":"var(--ast-global-color-5)","background-image":"","background-repeat":"repeat","background-position":"center center","background-size":"auto","background-attachment":"scroll","background-type":"","background-media":"","overlay-type":"","overlay-color":"","overlay-opacity":"","overlay-gradient":""},"tablet":{"background-color":"var(--ast-global-color-5)","background-image":"","background-repeat":"repeat","background-position":"center center","background-size":"auto","background-attachment":"scroll","background-type":"","background-media":"","overlay-type":"","overlay-color":"","overlay-opacity":"","overlay-gradient":""},"mobile":{"background-color":"var(--ast-global-color-5)","background-image":"","background-repeat":"repeat","background-position":"center center","background-size":"auto","background-attachment":"scroll","background-type":"","background-media":"","overlay-type":"","overlay-color":"","overlay-opacity":"","overlay-gradient":""}},"footnotes":""},"class_list":["post-138","page","type-page","status-publish","hentry"],"_links":{"self":[{"href":"https:\/\/robistar.com\/fr\/wp-json\/wp\/v2\/pages\/138","targetHints":{"allow":["GET"]}}],"collection":[{"href":"https:\/\/robistar.com\/fr\/wp-json\/wp\/v2\/pages"}],"about":[{"href":"https:\/\/robistar.com\/fr\/wp-json\/wp\/v2\/types\/page"}],"author":[{"embeddable":true,"href":"https:\/\/robistar.com\/fr\/wp-json\/wp\/v2\/users\/1"}],"replies":[{"embeddable":true,"href":"https:\/\/robistar.com\/fr\/wp-json\/wp\/v2\/comments?post=138"}],"version-history":[{"count":35,"href":"https:\/\/robistar.com\/fr\/wp-json\/wp\/v2\/pages\/138\/revisions"}],"predecessor-version":[{"id":1550,"href":"https:\/\/robistar.com\/fr\/wp-json\/wp\/v2\/pages\/138\/revisions\/1550"}],"wp:attachment":[{"href":"https:\/\/robistar.com\/fr\/wp-json\/wp\/v2\/media?parent=138"}],"curies":[{"name":"wp","href":"https:\/\/api.w.org\/{rel}","templated":true}]}}