{"id":1072,"date":"2021-08-01T01:25:30","date_gmt":"2021-07-31T22:25:30","guid":{"rendered":"http:\/\/robistar.com\/?page_id=1072"},"modified":"2025-08-13T12:12:33","modified_gmt":"2025-08-13T09:12:33","slug":"paper-packaging","status":"publish","type":"page","link":"https:\/\/robistar.com\/fr\/paper-packaging\/","title":{"rendered":"Emballage en papier"},"content":{"rendered":"<div class=\"wpb-content-wrapper\"><p>[vc_row el_class=\u00a0\u00bbpage-head\u00a0\u00bb css=\u00a0\u00bb.vc_custom_1628073954585{margin-top: 60px !important;margin-bottom: 60px !important;}\u00a0\u00bb][vc_column width=\u00a0\u00bb1\/2&Prime; css=\u00a0\u00bb.vc_custom_1627765558561{padding-left: 0px !important;}\u00a0\u00bb el_class=\u00a0\u00bbcategory_ctx\u00a0\u00bb][vc_column_text css=\u00a0\u00bb.vc_custom_1755076351017{margin-bottom: 8px !important;}\u00a0\u00bb]<\/p>\n<h1>Emballage en papier<\/h1>\n<h2>La qualit\u00e9 est notre deuxi\u00e8me nom!<\/h2>\n<p>[\/vc_column_text][vc_column_text css=\u00a0\u00bb.vc_custom_1754998040869{margin-bottom: 30px !important;}\u00a0\u00bb]Chez Robistar, nous sommes sp\u00e9cialis\u00e9s dans la fabrication d\u2019emballages en papier de haute qualit\u00e9, con\u00e7us pour r\u00e9pondre aux besoins des entreprises modernes. Avec un accent sur la durabilit\u00e9, la solidit\u00e9 et la personnalisation, nous produisons une large gamme de sacs en papier \u2013 y compris des sacs \u00e0 fond en V, \u00e0 fond crois\u00e9 et avec poign\u00e9es \u2013 ainsi que des feuilles en papier pour divers usages d\u2019emballage.<\/p>\n<div id=\"gtx-trans\" style=\"position: absolute; left: 45px; top: -2px;\">\n<div class=\"gtx-trans-icon\"><\/div>\n<\/div>\n<p>[\/vc_column_text][vc_column_text css=\u00a0\u00bb\u00a0\u00bb]Que vous soyez dans l\u2019alimentaire, la vente au d\u00e9tail ou l\u2019industrie, nos emballages sont con\u00e7us pour prot\u00e9ger vos produits, valoriser votre marque et r\u00e9duire votre impact environnemental. Nous proposons des options sur mesure comme le grammage du papier (en g\/m\u00b2), les dimensions, les couleurs et l\u2019impression \u2013 selon vos besoins, livr\u00e9s \u00e0 temps et \u00e0 prix comp\u00e9titifs.[\/vc_column_text][vc_column_text css=\u00a0\u00bb\u00a0\u00bb]Pourquoi nous choisir ?<\/p>\n<ul>\n<li>Mat\u00e9riaux durables et production \u00e9coresponsable.<\/li>\n<li>Dimensions, formes et impressions personnalis\u00e9es.<\/li>\n<li>D\u00e9lais de livraison rapides et fiables.<\/li>\n<li>Adapt\u00e9s aux boulangeries, \u00e9piceries, plats \u00e0 emporter et commerces de d\u00e9tail.<\/li>\n<\/ul>\n<p>Faites \u00e9quipe avec nous pour offrir \u00e0 vos clients des solutions d\u2019emballage pratiques et respectueuses de l\u2019environnement.[\/vc_column_text][vc_btn title=\u00a0\u00bbD\u00e9couvrez notre gamme\u00a0\u00bb shape=\u00a0\u00bbsquare\u00a0\u00bb i_align=\u00a0\u00bbright\u00a0\u00bb i_type=\u00a0\u00bbentypo\u00a0\u00bb i_icon_entypo=\u00a0\u00bbentypo-icon entypo-icon-down-open-big\u00a0\u00bb css=\u00a0\u00bb.vc_custom_1754998162754{margin-top: 30px !important;}\u00a0\u00bb add_icon=\u00a0\u00bbtrue\u00a0\u00bb custom_onclick=\u00a0\u00bbtrue\u00a0\u00bb el_class=\u00a0\u00bbbtnstyle2&Prime; link=\u00a0\u00bburl:%23allproduct\u00a0\u00bb][\/vc_column][vc_column width=\u00a0\u00bb1\/2&Prime;][vc_single_image image=\u00a0\u00bb1073&Prime; img_size=\u00a0\u00bbfull\u00a0\u00bb][\/vc_column][\/vc_row][vc_row el_id=\u00a0\u00bballproduct\u00a0\u00bb css=\u00a0\u00bb.vc_custom_1628073960365{margin-bottom: 50px !important;}\u00a0\u00bb][vc_column][vc_basic_grid post_type=\u00a0\u00bbpost\u00a0\u00bb max_items=\u00a0\u00bb10&Prime; style=\u00a0\u00bbload-more\u00a0\u00bb element_width=\u00a0\u00bb3&Prime; item=\u00a0\u00bb98&Prime; grid_id=\u00a0\u00bbvc_gid:1755076343878-a9345d1f-3199-10&Prime; taxonomies=\u00a0\u00bb5&Prime;][\/vc_column][\/vc_row]<\/p>\n<\/div>","protected":false},"excerpt":{"rendered":"<p>[vc_row el_class=\u00a0\u00bbpage-head\u00a0\u00bb css=\u00a0\u00bb.vc_custom_1628073954585{margin-top: 60px !important;margin-bottom: 60px !important;}\u00a0\u00bb][vc_column width=\u00a0\u00bb1\/2&Prime; css=\u00a0\u00bb.vc_custom_1627765558561{padding-left: 0px !important;}\u00a0\u00bb el_class=\u00a0\u00bbcategory_ctx\u00a0\u00bb][vc_column_text css=\u00a0\u00bb.vc_custom_1755076351017{margin-bottom: 8px !important;}\u00a0\u00bb] Emballage en papier La qualit\u00e9 est notre deuxi\u00e8me nom! [\/vc_column_text][vc_column_text css=\u00a0\u00bb.vc_custom_1754998040869{margin-bottom: 30px !important;}\u00a0\u00bb]Chez Robistar, nous sommes sp\u00e9cialis\u00e9s dans la fabrication d\u2019emballages en papier de haute qualit\u00e9, con\u00e7us pour r\u00e9pondre aux besoins des entreprises modernes. Avec un accent sur la durabilit\u00e9, [&hellip;]<\/p>\n","protected":false},"author":5,"featured_media":0,"parent":0,"menu_order":0,"comment_status":"closed","ping_status":"closed","template":"","meta":{"site-sidebar-layout":"no-sidebar","site-content-layout":"plain-container","ast-site-content-layout":"normal-width-container","site-content-style":"unboxed","site-sidebar-style":"unboxed","ast-global-header-display":"","ast-banner-title-visibility":"","ast-main-header-display":"","ast-hfb-above-header-display":"","ast-hfb-below-header-display":"","ast-hfb-mobile-header-display":"","site-post-title":"disabled","ast-breadcrumbs-content":"disabled","ast-featured-img":"disabled","footer-sml-layout":"","theme-transparent-header-meta":"default","adv-header-id-meta":"","stick-header-meta":"","header-above-stick-meta":"","header-main-stick-meta":"","header-below-stick-meta":"","astra-migrate-meta-layouts":"set","ast-page-background-enabled":"default","ast-page-background-meta":{"desktop":{"background-color":"","background-image":"","background-repeat":"repeat","background-position":"center center","background-size":"auto","background-attachment":"scroll","background-type":"","background-media":"","overlay-type":"","overlay-color":"","overlay-opacity":"","overlay-gradient":""},"tablet":{"background-color":"","background-image":"","background-repeat":"repeat","background-position":"center center","background-size":"auto","background-attachment":"scroll","background-type":"","background-media":"","overlay-type":"","overlay-color":"","overlay-opacity":"","overlay-gradient":""},"mobile":{"background-color":"","background-image":"","background-repeat":"repeat","background-position":"center center","background-size":"auto","background-attachment":"scroll","background-type":"","background-media":"","overlay-type":"","overlay-color":"","overlay-opacity":"","overlay-gradient":""}},"ast-content-background-meta":{"desktop":{"background-color":"var(--ast-global-color-5)","background-image":"","background-repeat":"repeat","background-position":"center center","background-size":"auto","background-attachment":"scroll","background-type":"","background-media":"","overlay-type":"","overlay-color":"","overlay-opacity":"","overlay-gradient":""},"tablet":{"background-color":"var(--ast-global-color-5)","background-image":"","background-repeat":"repeat","background-position":"center center","background-size":"auto","background-attachment":"scroll","background-type":"","background-media":"","overlay-type":"","overlay-color":"","overlay-opacity":"","overlay-gradient":""},"mobile":{"background-color":"var(--ast-global-color-5)","background-image":"","background-repeat":"repeat","background-position":"center center","background-size":"auto","background-attachment":"scroll","background-type":"","background-media":"","overlay-type":"","overlay-color":"","overlay-opacity":"","overlay-gradient":""}},"footnotes":""},"class_list":["post-1072","page","type-page","status-publish","hentry"],"_links":{"self":[{"href":"https:\/\/robistar.com\/fr\/wp-json\/wp\/v2\/pages\/1072","targetHints":{"allow":["GET"]}}],"collection":[{"href":"https:\/\/robistar.com\/fr\/wp-json\/wp\/v2\/pages"}],"about":[{"href":"https:\/\/robistar.com\/fr\/wp-json\/wp\/v2\/types\/page"}],"author":[{"embeddable":true,"href":"https:\/\/robistar.com\/fr\/wp-json\/wp\/v2\/users\/5"}],"replies":[{"embeddable":true,"href":"https:\/\/robistar.com\/fr\/wp-json\/wp\/v2\/comments?post=1072"}],"version-history":[{"count":29,"href":"https:\/\/robistar.com\/fr\/wp-json\/wp\/v2\/pages\/1072\/revisions"}],"predecessor-version":[{"id":1551,"href":"https:\/\/robistar.com\/fr\/wp-json\/wp\/v2\/pages\/1072\/revisions\/1551"}],"wp:attachment":[{"href":"https:\/\/robistar.com\/fr\/wp-json\/wp\/v2\/media?parent=1072"}],"curies":[{"name":"wp","href":"https:\/\/api.w.org\/{rel}","templated":true}]}}