{"id":6,"date":"2021-01-19T22:21:13","date_gmt":"2021-01-19T19:21:13","guid":{"rendered":"http:\/\/robistar.com\/?page_id=6"},"modified":"2026-03-31T04:03:09","modified_gmt":"2026-03-31T01:03:09","slug":"home","status":"publish","type":"page","link":"https:\/\/robistar.com\/de\/","title":{"rendered":"Home"},"content":{"rendered":"<div class=\"wpb-content-wrapper\"><p>[vc_row full_width=&#8221;stretch_row_content_no_spaces&#8221; full_height=&#8221;yes&#8221; columns_placement=&#8221;stretch&#8221; equal_height=&#8221;yes&#8221; content_placement=&#8221;bottom&#8221; el_class=&#8221;banner_home&#8221;][vc_column width=&#8221;1\/2&#8243; css=&#8221;.vc_custom_1628002609680{background-image: url(http:\/\/robistar.com\/wp-content\/uploads\/2021\/07\/photo1.png?id=917) !important;background-position: center !important;background-repeat: no-repeat !important;background-size: cover !important;}&#8221; el_class=&#8221;banners_top&#8221;][vc_column_text css=&#8221;&#8221; el_class=&#8221;ast-text-white&#8221;]<\/p>\n<h2>Papierverpackung<\/h2>\n<h5>Papiert\u00fcten, die es erm\u00f6glichen, die Verpackungsl\u00f6sung leicht mit dem Verbrauchererlebnis zu verbinden.<\/h5>\n<p>[\/vc_column_text][vc_btn title=&#8221;Mehr erfahren&#8221; shape=&#8221;square&#8221; color=&#8221;danger&#8221; css=&#8221;&#8221; link=&#8221;url:http%3A%2F%2Frobistar.com%2Fpaper-packaging|title:Paper%20packaging&#8221; el_class=&#8221;btn_style&#8221;][\/vc_column][vc_column width=&#8221;1\/2&#8243; css=&#8221;.vc_custom_1628002620721{background-image: url(http:\/\/robistar.com\/wp-content\/uploads\/2021\/07\/photo.png?id=918) !important;background-position: center !important;background-repeat: no-repeat !important;background-size: cover !important;}&#8221; el_class=&#8221;banners_top&#8221;][vc_column_text css=&#8221;&#8221; el_class=&#8221;ast-text-white&#8221;]<\/p>\n<h2>Barriereverpackung<\/h2>\n<h5>Hermetische Barriereverpackung, die Qualit\u00e4t und Sicherheit von verderblichen Produkten gew\u00e4hrleistet.<\/h5>\n<p>[\/vc_column_text][vc_btn title=&#8221;Mehr erfahren&#8221; shape=&#8221;square&#8221; color=&#8221;danger&#8221; css=&#8221;&#8221; link=&#8221;url:http%3A%2F%2Frobistar.com%2Fbarrier-packaging|title:Barrier%20packaging&#8221; el_class=&#8221;btn_style&#8221;][\/vc_column][\/vc_row][vc_row css=&#8221;.vc_custom_1629140590688{margin-top: 70px !important;}&#8221; el_class=&#8221;home-make&#8221;][vc_column css=&#8221;.vc_custom_1611246278979{padding-left: 0px !important;}&#8221;][vc_column_text css=&#8221;&#8221; el_class=&#8221;divh4&#8243;]<\/p>\n<h3>Bediente Branchen<\/h3>\n<p>[\/vc_column_text][\/vc_column][\/vc_row][vc_row el_class=&#8221;photo-about&#8221; css=&#8221;.vc_custom_1627762576610{margin-top: 16px !important;margin-bottom: 90px !important;}&#8221;][vc_column width=&#8221;1\/3&#8243; css=&#8221;.vc_custom_1611246238592{padding-left: 0px !important;}&#8221;][vc_single_image image=&#8221;993&#8243; img_size=&#8221;full&#8221; css=&#8221;.vc_custom_1627396357043{margin-bottom: 24px !important;}&#8221;][vc_column_text css=&#8221;.vc_custom_1755088633363{margin-bottom: 0px !important;}&#8221; el_class=&#8221;blue-text&#8221;]<strong>Einzelhandel<\/strong><\/p>\n<p>Hochwertige Verpackung, die das Verbrauchererlebnis verbessert und die Haltbarkeit verl\u00e4ngert.[\/vc_column_text][\/vc_column][vc_column width=&#8221;1\/3&#8243;][vc_single_image image=&#8221;995&#8243; img_size=&#8221;full&#8221; css=&#8221;.vc_custom_1627396379426{margin-bottom: 24px !important;}&#8221;][vc_column_text css=&#8221;.vc_custom_1755088657925{margin-bottom: 0px !important;}&#8221; el_class=&#8221;blue-text&#8221;]<strong>Lebensmittelindustrie<\/strong><\/p>\n<p>Umfassende Verpackungsl\u00f6sungen, die auf die Verbesserung der Verpackung ausgerichtet sind.[\/vc_column_text][\/vc_column][vc_column width=&#8221;1\/3&#8243; css=&#8221;.vc_custom_1627762566280{padding-right: 0px !important;padding-left: 15px !important;}&#8221;][vc_single_image image=&#8221;994&#8243; img_size=&#8221;full&#8221; css=&#8221;.vc_custom_1627396387927{margin-bottom: 24px !important;}&#8221;][vc_column_text css=&#8221;.vc_custom_1755088678283{margin-bottom: 0px !important;}&#8221; el_class=&#8221;blue-text&#8221;]<strong>Gastronomie<\/strong><\/p>\n<p>Zuverl\u00e4ssige Lebensmittelverpackung, die eine professionelle Pr\u00e4sentation der Produkte in modernen To-go-Men\u00fcs erm\u00f6glicht.[\/vc_column_text][\/vc_column][\/vc_row][vc_row el_class=&#8221;home-about&#8221; css=&#8221;.vc_custom_1627672167373{margin-bottom: 90px !important;}&#8221;][vc_column el_class=&#8221;download_block&#8221;][vc_column_text css=&#8221;.vc_custom_1755088701569{margin-bottom: 15px !important;}&#8221; el_class=&#8221;divh4&#8243;]<\/p>\n<h4>Unternehmensprofil: Robistar \u2013 Verpackung f\u00fcr essbare Produkte<\/h4>\n<p>M\u00f6chten Sie mehr \u00fcber unser Unternehmen erfahren oder eine pers\u00f6nliche Beratung erhalten?[\/vc_column_text][vc_btn title=&#8221;Unternehmensprofil herunterladen&#8221; shape=&#8221;square&#8221; color=&#8221;danger&#8221; i_type=&#8221;openiconic&#8221; i_icon_openiconic=&#8221;vc-oi vc-oi-download&#8221; css=&#8221;.vc_custom_1755088713246{margin-bottom: 0px !important;}&#8221; add_icon=&#8221;true&#8221; custom_onclick=&#8221;true&#8221; link=&#8221;url:%2Fwp-content%2Fuploads%2F2021%2F08%2Fcompany-profile.pdf&#8221; el_class=&#8221;btn_style&#8221;][\/vc_column][\/vc_row]<\/p>\n<\/div>","protected":false},"excerpt":{"rendered":"<p>[vc_row full_width=&#8221;stretch_row_content_no_spaces&#8221; full_height=&#8221;yes&#8221; columns_placement=&#8221;stretch&#8221; equal_height=&#8221;yes&#8221; content_placement=&#8221;bottom&#8221; el_class=&#8221;banner_home&#8221;][vc_column width=&#8221;1\/2&#8243; css=&#8221;.vc_custom_1628002609680{background-image: url(http:\/\/robistar.com\/wp-content\/uploads\/2021\/07\/photo1.png?id=917) !important;background-position: center !important;background-repeat: no-repeat !important;background-size: cover !important;}&#8221; el_class=&#8221;banners_top&#8221;][vc_column_text css=&#8221;&#8221; el_class=&#8221;ast-text-white&#8221;] Papierverpackung Papiert\u00fcten, die es erm\u00f6glichen, die Verpackungsl\u00f6sung leicht mit dem Verbrauchererlebnis zu verbinden. [\/vc_column_text][vc_btn title=&#8221;Mehr erfahren&#8221; shape=&#8221;square&#8221; color=&#8221;danger&#8221; css=&#8221;&#8221; link=&#8221;url:http%3A%2F%2Frobistar.com%2Fpaper-packaging|title:Paper%20packaging&#8221; el_class=&#8221;btn_style&#8221;][\/vc_column][vc_column width=&#8221;1\/2&#8243; css=&#8221;.vc_custom_1628002620721{background-image: url(http:\/\/robistar.com\/wp-content\/uploads\/2021\/07\/photo.png?id=918) !important;background-position: center !important;background-repeat: no-repeat !important;background-size: cover !important;}&#8221; el_class=&#8221;banners_top&#8221;][vc_column_text css=&#8221;&#8221; el_class=&#8221;ast-text-white&#8221;] Barriereverpackung [&hellip;]<\/p>\n","protected":false},"author":1,"featured_media":0,"parent":0,"menu_order":0,"comment_status":"closed","ping_status":"closed","template":"","meta":{"site-sidebar-layout":"no-sidebar","site-content-layout":"plain-container","ast-site-content-layout":"normal-width-container","site-content-style":"unboxed","site-sidebar-style":"unboxed","ast-global-header-display":"","ast-banner-title-visibility":"","ast-main-header-display":"","ast-hfb-above-header-display":"","ast-hfb-below-header-display":"","ast-hfb-mobile-header-display":"","site-post-title":"disabled","ast-breadcrumbs-content":"disabled","ast-featured-img":"disabled","footer-sml-layout":"","theme-transparent-header-meta":"default","adv-header-id-meta":"","stick-header-meta":"","header-above-stick-meta":"","header-main-stick-meta":"","header-below-stick-meta":"","astra-migrate-meta-layouts":"default","ast-page-background-enabled":"default","ast-page-background-meta":{"desktop":{"background-color":"","background-image":"","background-repeat":"repeat","background-position":"center center","background-size":"auto","background-attachment":"scroll","background-type":"","background-media":"","overlay-type":"","overlay-color":"","overlay-opacity":"","overlay-gradient":""},"tablet":{"background-color":"","background-image":"","background-repeat":"repeat","background-position":"center center","background-size":"auto","background-attachment":"scroll","background-type":"","background-media":"","overlay-type":"","overlay-color":"","overlay-opacity":"","overlay-gradient":""},"mobile":{"background-color":"","background-image":"","background-repeat":"repeat","background-position":"center center","background-size":"auto","background-attachment":"scroll","background-type":"","background-media":"","overlay-type":"","overlay-color":"","overlay-opacity":"","overlay-gradient":""}},"ast-content-background-meta":{"desktop":{"background-color":"var(--ast-global-color-5)","background-image":"","background-repeat":"repeat","background-position":"center center","background-size":"auto","background-attachment":"scroll","background-type":"","background-media":"","overlay-type":"","overlay-color":"","overlay-opacity":"","overlay-gradient":""},"tablet":{"background-color":"var(--ast-global-color-5)","background-image":"","background-repeat":"repeat","background-position":"center center","background-size":"auto","background-attachment":"scroll","background-type":"","background-media":"","overlay-type":"","overlay-color":"","overlay-opacity":"","overlay-gradient":""},"mobile":{"background-color":"var(--ast-global-color-5)","background-image":"","background-repeat":"repeat","background-position":"center center","background-size":"auto","background-attachment":"scroll","background-type":"","background-media":"","overlay-type":"","overlay-color":"","overlay-opacity":"","overlay-gradient":""}},"footnotes":""},"class_list":["post-6","page","type-page","status-publish","hentry"],"_links":{"self":[{"href":"https:\/\/robistar.com\/de\/wp-json\/wp\/v2\/pages\/6","targetHints":{"allow":["GET"]}}],"collection":[{"href":"https:\/\/robistar.com\/de\/wp-json\/wp\/v2\/pages"}],"about":[{"href":"https:\/\/robistar.com\/de\/wp-json\/wp\/v2\/types\/page"}],"author":[{"embeddable":true,"href":"https:\/\/robistar.com\/de\/wp-json\/wp\/v2\/users\/1"}],"replies":[{"embeddable":true,"href":"https:\/\/robistar.com\/de\/wp-json\/wp\/v2\/comments?post=6"}],"version-history":[{"count":118,"href":"https:\/\/robistar.com\/de\/wp-json\/wp\/v2\/pages\/6\/revisions"}],"predecessor-version":[{"id":1587,"href":"https:\/\/robistar.com\/de\/wp-json\/wp\/v2\/pages\/6\/revisions\/1587"}],"wp:attachment":[{"href":"https:\/\/robistar.com\/de\/wp-json\/wp\/v2\/media?parent=6"}],"curies":[{"name":"wp","href":"https:\/\/api.w.org\/{rel}","templated":true}]}}