{"id":173,"date":"2021-01-24T00:00:41","date_gmt":"2021-01-23T21:00:41","guid":{"rendered":"http:\/\/robistar.com\/?page_id=173"},"modified":"2025-08-13T15:56:17","modified_gmt":"2025-08-13T12:56:17","slug":"despre-companie","status":"publish","type":"page","link":"https:\/\/robistar.com\/de\/despre-companie\/","title":{"rendered":"\u041e \u043a\u043e\u043c\u043f\u0430\u043d\u0438\u0438"},"content":{"rendered":"<div class=\"wpb-content-wrapper\"><p>[vc_row el_class=&#8221;pg-default pg-info&#8221; css=&#8221;.vc_custom_1628082187716{padding-top: 60px !important;padding-right: 0px !important;padding-left: 0px !important;}&#8221;][vc_column width=&#8221;1\/2&#8243; css=&#8221;.vc_custom_1614377678417{margin-bottom: 50px !important;padding-right: 0px !important;padding-left: 0px !important;}&#8221; el_class=&#8221;ctx-text&#8221;][vc_column_text css=&#8221;.vc_custom_1755089053983{margin-bottom: 28px !important;}&#8221;]<\/p>\n<h1>\u00dcber Robistar<\/h1>\n<div id=\"gtx-trans\" style=\"position: absolute; left: 321px; top: 64px;\">\n<div class=\"gtx-trans-icon\"><\/div>\n<\/div>\n<p>[\/vc_column_text][vc_column_text css=&#8221;&#8221;]Seit \u00fcber 10 Jahren perfektioniert die Marke Robistar Verpackungstechnologien, um Lebensmittel l\u00e4nger frisch, schmackhaft und erschwinglich zu halten.<\/p>\n<p>Wir entwickeln unsere Technologien mit einem guten Verst\u00e4ndnis f\u00fcr die W\u00fcnsche unserer Kunden und setzen uns das Ziel, Qualit\u00e4t und Preis kontinuierlich zu verbessern. Unsere Verpackungen erm\u00f6glichen es gro\u00dfen Handelsketten, produktiver und profitabler zu werden.<\/p>\n<p>Wir entwickeln Verpackungsl\u00f6sungen, um die Haltbarkeit von verderblichen Produkten zu verl\u00e4ngern, die Attraktivit\u00e4t des Merchandisings zu steigern und Auswahlm\u00f6glichkeiten f\u00fcr schnell zubereitete Speisen zu bieten.<\/p>\n<p>Unsere Verpackungen sind in ganz Moldawien zu finden \u2013 von Superm\u00e4rkten bis hin zur Gastronomie.<\/p>\n<p>[\/vc_column_text][\/vc_column][vc_column width=&#8221;1\/2&#8243;][vc_single_image image=&#8221;1010&#8243; img_size=&#8221;full&#8221; alignment=&#8221;right&#8221;][\/vc_column][\/vc_row][vc_row el_class=&#8221;contact-about&#8221; css=&#8221;.vc_custom_1629142099344{margin-top: 66px !important;margin-bottom: 90px !important;}&#8221;][vc_column el_class=&#8221;download_block&#8221;][vc_column_text css=&#8221;.vc_custom_1755089774485{margin-bottom: 15px !important;}&#8221; el_class=&#8221;divh4&#8243;]<\/p>\n<h4>Unternehmensprofil: Robistar \u2013 Verpackung f\u00fcr essbare Produkte<\/h4>\n<p>M\u00f6chten Sie mehr \u00fcber unser Unternehmen erfahren oder eine pers\u00f6nliche Beratung erhalten?[\/vc_column_text][vc_btn title=&#8221;Unternehmensprofil herunterladen&#8221; shape=&#8221;square&#8221; color=&#8221;danger&#8221; i_type=&#8221;openiconic&#8221; i_icon_openiconic=&#8221;vc-oi vc-oi-download&#8221; css=&#8221;.vc_custom_1755089167588{margin-bottom: 0px !important;}&#8221; add_icon=&#8221;true&#8221; custom_onclick=&#8221;true&#8221; link=&#8221;url:%23&#8243;][\/vc_column][\/vc_row]<\/p>\n<\/div>","protected":false},"excerpt":{"rendered":"<p>[vc_row el_class=&#8221;pg-default pg-info&#8221; css=&#8221;.vc_custom_1628082187716{padding-top: 60px !important;padding-right: 0px !important;padding-left: 0px !important;}&#8221;][vc_column width=&#8221;1\/2&#8243; css=&#8221;.vc_custom_1614377678417{margin-bottom: 50px !important;padding-right: 0px !important;padding-left: 0px !important;}&#8221; el_class=&#8221;ctx-text&#8221;][vc_column_text css=&#8221;.vc_custom_1755089053983{margin-bottom: 28px !important;}&#8221;] \u00dcber Robistar [\/vc_column_text][vc_column_text css=&#8221;&#8221;]Seit \u00fcber 10 Jahren perfektioniert die Marke Robistar Verpackungstechnologien, um Lebensmittel l\u00e4nger frisch, schmackhaft und erschwinglich zu halten. Wir entwickeln unsere Technologien mit einem guten Verst\u00e4ndnis f\u00fcr die W\u00fcnsche unserer [&hellip;]<\/p>\n","protected":false},"author":1,"featured_media":0,"parent":0,"menu_order":0,"comment_status":"closed","ping_status":"closed","template":"","meta":{"site-sidebar-layout":"no-sidebar","site-content-layout":"plain-container","ast-site-content-layout":"normal-width-container","site-content-style":"unboxed","site-sidebar-style":"unboxed","ast-global-header-display":"","ast-banner-title-visibility":"","ast-main-header-display":"","ast-hfb-above-header-display":"","ast-hfb-below-header-display":"","ast-hfb-mobile-header-display":"","site-post-title":"disabled","ast-breadcrumbs-content":"disabled","ast-featured-img":"disabled","footer-sml-layout":"","theme-transparent-header-meta":"default","adv-header-id-meta":"","stick-header-meta":"","header-above-stick-meta":"","header-main-stick-meta":"","header-below-stick-meta":"","astra-migrate-meta-layouts":"set","ast-page-background-enabled":"default","ast-page-background-meta":{"desktop":{"background-color":"","background-image":"","background-repeat":"repeat","background-position":"center center","background-size":"auto","background-attachment":"scroll","background-type":"","background-media":"","overlay-type":"","overlay-color":"","overlay-opacity":"","overlay-gradient":""},"tablet":{"background-color":"","background-image":"","background-repeat":"repeat","background-position":"center center","background-size":"auto","background-attachment":"scroll","background-type":"","background-media":"","overlay-type":"","overlay-color":"","overlay-opacity":"","overlay-gradient":""},"mobile":{"background-color":"","background-image":"","background-repeat":"repeat","background-position":"center center","background-size":"auto","background-attachment":"scroll","background-type":"","background-media":"","overlay-type":"","overlay-color":"","overlay-opacity":"","overlay-gradient":""}},"ast-content-background-meta":{"desktop":{"background-color":"var(--ast-global-color-5)","background-image":"","background-repeat":"repeat","background-position":"center center","background-size":"auto","background-attachment":"scroll","background-type":"","background-media":"","overlay-type":"","overlay-color":"","overlay-opacity":"","overlay-gradient":""},"tablet":{"background-color":"var(--ast-global-color-5)","background-image":"","background-repeat":"repeat","background-position":"center center","background-size":"auto","background-attachment":"scroll","background-type":"","background-media":"","overlay-type":"","overlay-color":"","overlay-opacity":"","overlay-gradient":""},"mobile":{"background-color":"var(--ast-global-color-5)","background-image":"","background-repeat":"repeat","background-position":"center center","background-size":"auto","background-attachment":"scroll","background-type":"","background-media":"","overlay-type":"","overlay-color":"","overlay-opacity":"","overlay-gradient":""}},"footnotes":""},"class_list":["post-173","page","type-page","status-publish","hentry"],"_links":{"self":[{"href":"https:\/\/robistar.com\/de\/wp-json\/wp\/v2\/pages\/173","targetHints":{"allow":["GET"]}}],"collection":[{"href":"https:\/\/robistar.com\/de\/wp-json\/wp\/v2\/pages"}],"about":[{"href":"https:\/\/robistar.com\/de\/wp-json\/wp\/v2\/types\/page"}],"author":[{"embeddable":true,"href":"https:\/\/robistar.com\/de\/wp-json\/wp\/v2\/users\/1"}],"replies":[{"embeddable":true,"href":"https:\/\/robistar.com\/de\/wp-json\/wp\/v2\/comments?post=173"}],"version-history":[{"count":49,"href":"https:\/\/robistar.com\/de\/wp-json\/wp\/v2\/pages\/173\/revisions"}],"predecessor-version":[{"id":1604,"href":"https:\/\/robistar.com\/de\/wp-json\/wp\/v2\/pages\/173\/revisions\/1604"}],"wp:attachment":[{"href":"https:\/\/robistar.com\/de\/wp-json\/wp\/v2\/media?parent=173"}],"curies":[{"name":"wp","href":"https:\/\/api.w.org\/{rel}","templated":true}]}}