{"id":138,"date":"2021-01-23T02:39:05","date_gmt":"2021-01-22T23:39:05","guid":{"rendered":"http:\/\/robistar.com\/?page_id=138"},"modified":"2025-08-13T12:12:15","modified_gmt":"2025-08-13T09:12:15","slug":"barrier-packaging","status":"publish","type":"page","link":"https:\/\/robistar.com\/de\/barrier-packaging\/","title":{"rendered":"Barriereverpackungen"},"content":{"rendered":"<div class=\"wpb-content-wrapper\"><p>[vc_row el_class=&#8221;page-head&#8221; css=&#8221;.vc_custom_1628073893176{margin-top: 60px !important;margin-bottom: 60px !important;}&#8221;][vc_column width=&#8221;1\/2&#8243; css=&#8221;.vc_custom_1627765558561{padding-left: 0px !important;}&#8221; el_class=&#8221;category_ctx&#8221;][vc_column_text css=&#8221;.vc_custom_1755075387182{margin-bottom: 8px !important;}&#8221;]<\/p>\n<h1>Barriereverpackungen<\/h1>\n<h2>Bewahrt lange Frische und Qualit\u00e4t.<\/h2>\n<p>[\/vc_column_text][vc_column_text css=&#8221;.vc_custom_1755074696795{margin-bottom: 20px !important;}&#8221;]Unsere Abteilung f\u00fcr Barriereverpackungen bietet leistungsstarke Materialien zum Schutz vor Feuchtigkeit, Sauerstoff und \u00e4u\u00dferen Einfl\u00fcssen. Wir produzieren:<\/p>\n<p>Seitennahtbeutel \u2013 f\u00fcr Vakuum- oder MAP-Verpackung<\/p>\n<p>Barrierefolien \u2013 f\u00fcr automatische Verpackung und Thermoformen<\/p>\n<p>PP-Schalen \u2013 stabile, lebensmittelsichere Beh\u00e4lter f\u00fcr frische und fertige Speisen<\/p>\n<p>Ideal f\u00fcr die Lebensmittelindustrie und industrielle Anwendungen, verl\u00e4ngern unsere L\u00f6sungen die Haltbarkeit, bewahren Qualit\u00e4t und Sicherheit. Erh\u00e4ltlich in kundenspezifischen Gr\u00f6\u00dfen, mehrschichtigen Strukturen und mit individuellem Druck.[\/vc_column_text][vc_column_text css=&#8221;&#8221;]<strong>Eigenschaften:<\/strong><\/p>\n<ul>\n<li>Hohe Barriere gegen Feuchtigkeit, Luft, Geruch und UV.<\/li>\n<li>Geeignet f\u00fcr frische, tiefgek\u00fchlte und verarbeitete Produkte.<\/li>\n<li>Recycelbare und mehrschichtige Optionen verf\u00fcgbar.<\/li>\n<li>Lebensmittelsicher zertifiziert.<\/li>\n<\/ul>\n<p>[\/vc_column_text][vc_btn title=&#8221;Verpackung ansehen&#8221; shape=&#8221;square&#8221; i_align=&#8221;right&#8221; i_type=&#8221;entypo&#8221; i_icon_entypo=&#8221;entypo-icon entypo-icon-down-open-big&#8221; css=&#8221;.vc_custom_1755075397762{margin-top: 30px !important;}&#8221; add_icon=&#8221;true&#8221; custom_onclick=&#8221;true&#8221; el_class=&#8221;btnstyle2&#8243; link=&#8221;url:%23allproduct&#8221;][\/vc_column][vc_column width=&#8221;1\/2&#8243;][vc_single_image image=&#8221;1034&#8243; img_size=&#8221;full&#8221;][\/vc_column][\/vc_row][vc_row css=&#8221;.vc_custom_1628073722839{margin-bottom: 50px !important;padding-right: 0px !important;padding-left: 0px !important;}&#8221; el_class=&#8221;news-pages&#8221; el_id=&#8221;allproduct&#8221;][vc_column css=&#8221;.vc_custom_1613427175023{padding-right: 0px !important;padding-left: 0px !important;}&#8221; el_class=&#8221;pt-20&#8243;][vc_basic_grid post_type=&#8221;post&#8221; max_items=&#8221;1000&#8243; style=&#8221;lazy&#8221; items_per_page=&#8221;9&#8243; element_width=&#8221;3&#8243; item=&#8221;98&#8243; grid_id=&#8221;vc_gid:1755075375103-08c311bd-85b2-4&#8243; taxonomies=&#8221;74&#8243;][\/vc_column][\/vc_row]<\/p>\n<\/div>","protected":false},"excerpt":{"rendered":"<p>[vc_row el_class=&#8221;page-head&#8221; css=&#8221;.vc_custom_1628073893176{margin-top: 60px !important;margin-bottom: 60px !important;}&#8221;][vc_column width=&#8221;1\/2&#8243; css=&#8221;.vc_custom_1627765558561{padding-left: 0px !important;}&#8221; el_class=&#8221;category_ctx&#8221;][vc_column_text css=&#8221;.vc_custom_1755075387182{margin-bottom: 8px !important;}&#8221;] Barriereverpackungen Bewahrt lange Frische und Qualit\u00e4t. [\/vc_column_text][vc_column_text css=&#8221;.vc_custom_1755074696795{margin-bottom: 20px !important;}&#8221;]Unsere Abteilung f\u00fcr Barriereverpackungen bietet leistungsstarke Materialien zum Schutz vor Feuchtigkeit, Sauerstoff und \u00e4u\u00dferen Einfl\u00fcssen. Wir produzieren: Seitennahtbeutel \u2013 f\u00fcr Vakuum- oder MAP-Verpackung Barrierefolien \u2013 f\u00fcr automatische Verpackung und Thermoformen PP-Schalen [&hellip;]<\/p>\n","protected":false},"author":1,"featured_media":0,"parent":0,"menu_order":0,"comment_status":"closed","ping_status":"closed","template":"","meta":{"site-sidebar-layout":"no-sidebar","site-content-layout":"plain-container","ast-site-content-layout":"normal-width-container","site-content-style":"unboxed","site-sidebar-style":"unboxed","ast-global-header-display":"","ast-banner-title-visibility":"","ast-main-header-display":"","ast-hfb-above-header-display":"","ast-hfb-below-header-display":"","ast-hfb-mobile-header-display":"","site-post-title":"disabled","ast-breadcrumbs-content":"disabled","ast-featured-img":"disabled","footer-sml-layout":"","theme-transparent-header-meta":"default","adv-header-id-meta":"","stick-header-meta":"","header-above-stick-meta":"","header-main-stick-meta":"","header-below-stick-meta":"","astra-migrate-meta-layouts":"set","ast-page-background-enabled":"default","ast-page-background-meta":{"desktop":{"background-color":"","background-image":"","background-repeat":"repeat","background-position":"center center","background-size":"auto","background-attachment":"scroll","background-type":"","background-media":"","overlay-type":"","overlay-color":"","overlay-opacity":"","overlay-gradient":""},"tablet":{"background-color":"","background-image":"","background-repeat":"repeat","background-position":"center center","background-size":"auto","background-attachment":"scroll","background-type":"","background-media":"","overlay-type":"","overlay-color":"","overlay-opacity":"","overlay-gradient":""},"mobile":{"background-color":"","background-image":"","background-repeat":"repeat","background-position":"center center","background-size":"auto","background-attachment":"scroll","background-type":"","background-media":"","overlay-type":"","overlay-color":"","overlay-opacity":"","overlay-gradient":""}},"ast-content-background-meta":{"desktop":{"background-color":"var(--ast-global-color-5)","background-image":"","background-repeat":"repeat","background-position":"center center","background-size":"auto","background-attachment":"scroll","background-type":"","background-media":"","overlay-type":"","overlay-color":"","overlay-opacity":"","overlay-gradient":""},"tablet":{"background-color":"var(--ast-global-color-5)","background-image":"","background-repeat":"repeat","background-position":"center center","background-size":"auto","background-attachment":"scroll","background-type":"","background-media":"","overlay-type":"","overlay-color":"","overlay-opacity":"","overlay-gradient":""},"mobile":{"background-color":"var(--ast-global-color-5)","background-image":"","background-repeat":"repeat","background-position":"center center","background-size":"auto","background-attachment":"scroll","background-type":"","background-media":"","overlay-type":"","overlay-color":"","overlay-opacity":"","overlay-gradient":""}},"footnotes":""},"class_list":["post-138","page","type-page","status-publish","hentry"],"_links":{"self":[{"href":"https:\/\/robistar.com\/de\/wp-json\/wp\/v2\/pages\/138","targetHints":{"allow":["GET"]}}],"collection":[{"href":"https:\/\/robistar.com\/de\/wp-json\/wp\/v2\/pages"}],"about":[{"href":"https:\/\/robistar.com\/de\/wp-json\/wp\/v2\/types\/page"}],"author":[{"embeddable":true,"href":"https:\/\/robistar.com\/de\/wp-json\/wp\/v2\/users\/1"}],"replies":[{"embeddable":true,"href":"https:\/\/robistar.com\/de\/wp-json\/wp\/v2\/comments?post=138"}],"version-history":[{"count":35,"href":"https:\/\/robistar.com\/de\/wp-json\/wp\/v2\/pages\/138\/revisions"}],"predecessor-version":[{"id":1550,"href":"https:\/\/robistar.com\/de\/wp-json\/wp\/v2\/pages\/138\/revisions\/1550"}],"wp:attachment":[{"href":"https:\/\/robistar.com\/de\/wp-json\/wp\/v2\/media?parent=138"}],"curies":[{"name":"wp","href":"https:\/\/api.w.org\/{rel}","templated":true}]}}