{"id":1072,"date":"2021-08-01T01:25:30","date_gmt":"2021-07-31T22:25:30","guid":{"rendered":"http:\/\/robistar.com\/?page_id=1072"},"modified":"2025-08-13T12:12:33","modified_gmt":"2025-08-13T09:12:33","slug":"paper-packaging","status":"publish","type":"page","link":"https:\/\/robistar.com\/de\/paper-packaging\/","title":{"rendered":"Papierverpackung"},"content":{"rendered":"<div class=\"wpb-content-wrapper\"><p>[vc_row el_class=&#8221;page-head&#8221; css=&#8221;.vc_custom_1628073954585{margin-top: 60px !important;margin-bottom: 60px !important;}&#8221;][vc_column width=&#8221;1\/2&#8243; css=&#8221;.vc_custom_1627765558561{padding-left: 0px !important;}&#8221; el_class=&#8221;category_ctx&#8221;][vc_column_text css=&#8221;.vc_custom_1754997922212{margin-bottom: 8px !important;}&#8221;]<\/p>\n<h1>Papierverpackung<\/h1>\n<h2>Qualit\u00e4t ist unser zweiter Name!<\/h2>\n<div id=\"gtx-trans\" style=\"position: absolute; left: 7px; top: 108.188px;\">\n<div class=\"gtx-trans-icon\"><\/div>\n<\/div>\n<p>[\/vc_column_text][vc_column_text css=&#8221;.vc_custom_1754999051957{margin-bottom: 30px !important;}&#8221;]Bei Robistar sind wir auf die Herstellung hochwertiger Papierverpackungen spezialisiert, die den Anforderungen moderner Unternehmen gerecht werden. Mit Fokus auf Nachhaltigkeit, Langlebigkeit und individuelle Gestaltung produzieren wir eine breite Auswahl an Papiert\u00fcten \u2013 darunter V-Boden-T\u00fcten, Kreuzbodenbeutel und Tragetaschen \u2013 sowie Papierb\u00f6gen f\u00fcr verschiedenste Verpackungszwecke.[\/vc_column_text][vc_column_text css=&#8221;&#8221;]Egal ob Lebensmittelbranche, Einzelhandel oder Industrie \u2013 unsere Verpackungen sch\u00fctzen Ihre Produkte, st\u00e4rken Ihre Marke und schonen die Umwelt. Wir bieten ma\u00dfgeschneiderte Optionen wie Papiergrammatur (in g\/m\u00b2), Gr\u00f6\u00dfen, Farben und Druck \u2013 exakt nach Ihren Anforderungen, p\u00fcnktlich und zu wettbewerbsf\u00e4higen Preisen.[\/vc_column_text][vc_column_text css=&#8221;&#8221;]Warum Sie uns w\u00e4hlen sollten:<\/p>\n<ul>\n<li>Nachhaltige Materialien und umweltfreundliche Produktion.<\/li>\n<li>Individuelle Gr\u00f6\u00dfen, Formen und Druckoptionen.<\/li>\n<li>Schnelle Lieferzeiten und zuverl\u00e4ssiger Service.<\/li>\n<li>Geeignet f\u00fcr B\u00e4ckereien, Lebensmittelgesch\u00e4fte, Take-away und Einzelhandel.<\/li>\n<\/ul>\n<p>Arbeiten Sie mit uns zusammen, um Ihren Kunden praktische und umweltbewusste Verpackungsl\u00f6sungen zu bieten.[\/vc_column_text][vc_btn title=&#8221;Sehen Sie sich unser Sortiment an&#8221; shape=&#8221;square&#8221; i_align=&#8221;right&#8221; i_type=&#8221;entypo&#8221; i_icon_entypo=&#8221;entypo-icon entypo-icon-down-open-big&#8221; css=&#8221;.vc_custom_1754998184194{margin-top: 30px !important;}&#8221; add_icon=&#8221;true&#8221; custom_onclick=&#8221;true&#8221; el_class=&#8221;btnstyle2&#8243; link=&#8221;url:%23allproduct&#8221;][\/vc_column][vc_column width=&#8221;1\/2&#8243;][vc_single_image image=&#8221;1073&#8243; img_size=&#8221;full&#8221;][\/vc_column][\/vc_row][vc_row el_id=&#8221;allproduct&#8221; css=&#8221;.vc_custom_1628073960365{margin-bottom: 50px !important;}&#8221;][vc_column][vc_basic_grid post_type=&#8221;post&#8221; max_items=&#8221;10&#8243; style=&#8221;load-more&#8221; element_width=&#8221;3&#8243; item=&#8221;98&#8243; grid_id=&#8221;vc_gid:1754999038580-e17ca962-f916-9&#8243; taxonomies=&#8221;5&#8243;][\/vc_column][\/vc_row]<\/p>\n<\/div>","protected":false},"excerpt":{"rendered":"<p>[vc_row el_class=&#8221;page-head&#8221; css=&#8221;.vc_custom_1628073954585{margin-top: 60px !important;margin-bottom: 60px !important;}&#8221;][vc_column width=&#8221;1\/2&#8243; css=&#8221;.vc_custom_1627765558561{padding-left: 0px !important;}&#8221; el_class=&#8221;category_ctx&#8221;][vc_column_text css=&#8221;.vc_custom_1754997922212{margin-bottom: 8px !important;}&#8221;] Papierverpackung Qualit\u00e4t ist unser zweiter Name! [\/vc_column_text][vc_column_text css=&#8221;.vc_custom_1754999051957{margin-bottom: 30px !important;}&#8221;]Bei Robistar sind wir auf die Herstellung hochwertiger Papierverpackungen spezialisiert, die den Anforderungen moderner Unternehmen gerecht werden. Mit Fokus auf Nachhaltigkeit, Langlebigkeit und individuelle Gestaltung produzieren wir eine breite Auswahl an [&hellip;]<\/p>\n","protected":false},"author":5,"featured_media":0,"parent":0,"menu_order":0,"comment_status":"closed","ping_status":"closed","template":"","meta":{"site-sidebar-layout":"no-sidebar","site-content-layout":"plain-container","ast-site-content-layout":"normal-width-container","site-content-style":"unboxed","site-sidebar-style":"unboxed","ast-global-header-display":"","ast-banner-title-visibility":"","ast-main-header-display":"","ast-hfb-above-header-display":"","ast-hfb-below-header-display":"","ast-hfb-mobile-header-display":"","site-post-title":"disabled","ast-breadcrumbs-content":"disabled","ast-featured-img":"disabled","footer-sml-layout":"","theme-transparent-header-meta":"default","adv-header-id-meta":"","stick-header-meta":"","header-above-stick-meta":"","header-main-stick-meta":"","header-below-stick-meta":"","astra-migrate-meta-layouts":"set","ast-page-background-enabled":"default","ast-page-background-meta":{"desktop":{"background-color":"","background-image":"","background-repeat":"repeat","background-position":"center center","background-size":"auto","background-attachment":"scroll","background-type":"","background-media":"","overlay-type":"","overlay-color":"","overlay-opacity":"","overlay-gradient":""},"tablet":{"background-color":"","background-image":"","background-repeat":"repeat","background-position":"center center","background-size":"auto","background-attachment":"scroll","background-type":"","background-media":"","overlay-type":"","overlay-color":"","overlay-opacity":"","overlay-gradient":""},"mobile":{"background-color":"","background-image":"","background-repeat":"repeat","background-position":"center center","background-size":"auto","background-attachment":"scroll","background-type":"","background-media":"","overlay-type":"","overlay-color":"","overlay-opacity":"","overlay-gradient":""}},"ast-content-background-meta":{"desktop":{"background-color":"var(--ast-global-color-5)","background-image":"","background-repeat":"repeat","background-position":"center center","background-size":"auto","background-attachment":"scroll","background-type":"","background-media":"","overlay-type":"","overlay-color":"","overlay-opacity":"","overlay-gradient":""},"tablet":{"background-color":"var(--ast-global-color-5)","background-image":"","background-repeat":"repeat","background-position":"center center","background-size":"auto","background-attachment":"scroll","background-type":"","background-media":"","overlay-type":"","overlay-color":"","overlay-opacity":"","overlay-gradient":""},"mobile":{"background-color":"var(--ast-global-color-5)","background-image":"","background-repeat":"repeat","background-position":"center center","background-size":"auto","background-attachment":"scroll","background-type":"","background-media":"","overlay-type":"","overlay-color":"","overlay-opacity":"","overlay-gradient":""}},"footnotes":""},"class_list":["post-1072","page","type-page","status-publish","hentry"],"_links":{"self":[{"href":"https:\/\/robistar.com\/de\/wp-json\/wp\/v2\/pages\/1072","targetHints":{"allow":["GET"]}}],"collection":[{"href":"https:\/\/robistar.com\/de\/wp-json\/wp\/v2\/pages"}],"about":[{"href":"https:\/\/robistar.com\/de\/wp-json\/wp\/v2\/types\/page"}],"author":[{"embeddable":true,"href":"https:\/\/robistar.com\/de\/wp-json\/wp\/v2\/users\/5"}],"replies":[{"embeddable":true,"href":"https:\/\/robistar.com\/de\/wp-json\/wp\/v2\/comments?post=1072"}],"version-history":[{"count":29,"href":"https:\/\/robistar.com\/de\/wp-json\/wp\/v2\/pages\/1072\/revisions"}],"predecessor-version":[{"id":1551,"href":"https:\/\/robistar.com\/de\/wp-json\/wp\/v2\/pages\/1072\/revisions\/1551"}],"wp:attachment":[{"href":"https:\/\/robistar.com\/de\/wp-json\/wp\/v2\/media?parent=1072"}],"curies":[{"name":"wp","href":"https:\/\/api.w.org\/{rel}","templated":true}]}}